{"id":1038,"date":"2025-02-06T09:46:21","date_gmt":"2025-02-06T07:46:21","guid":{"rendered":"https:\/\/www.odeumvillas.gr\/villas\/"},"modified":"2025-05-09T10:50:09","modified_gmt":"2025-05-09T07:50:09","slug":"accommodation","status":"publish","type":"page","link":"https:\/\/www.odeumvillas.gr\/ro\/accommodation\/","title":{"rendered":"Villas"},"content":{"rendered":"<section class=\"l-section wpb_row us_custom_70b40c4d hide_on_tablets hide_on_mobiles height_auto with_slider\"><div class=\"l-section-slider\"><div class=\"w-slider style_none fit_cover nav_none count_5\"><div class=\"w-slider-h\"><div class=\"royalSlider\"><div class=\"rsContent\"><a class=\"rsImg\" data-rsw=\"1600\" data-rsh=\"1067\" href=\"https:\/\/www.odeumvillas.gr\/wp-content\/uploads\/2025\/05\/odeum-villas-05.jpg\"><span data-alt=\"\"><\/span><\/a><\/div><div class=\"rsContent\"><a class=\"rsImg\" data-rsw=\"1600\" data-rsh=\"1067\" href=\"https:\/\/www.odeumvillas.gr\/wp-content\/uploads\/2025\/05\/odeum-villa-02-17.jpg\"><span data-alt=\"\"><\/span><\/a><\/div><div class=\"rsContent\"><a class=\"rsImg\" data-rsw=\"1600\" data-rsh=\"1067\" href=\"https:\/\/www.odeumvillas.gr\/wp-content\/uploads\/2025\/05\/odeum-villa-02-60.jpg\"><span data-alt=\"\"><\/span><\/a><\/div><div class=\"rsContent\"><a class=\"rsImg\" data-rsw=\"1600\" data-rsh=\"1067\" href=\"https:\/\/www.odeumvillas.gr\/wp-content\/uploads\/2025\/05\/odeum-villa-01-29.jpg\"><span data-alt=\"\"><\/span><\/a><\/div><div class=\"rsContent\"><a class=\"rsImg\" data-rsw=\"1600\" data-rsh=\"1067\" href=\"https:\/\/www.odeumvillas.gr\/wp-content\/uploads\/2025\/05\/odeum-villa-02-55.jpg\"><span data-alt=\"\"><\/span><\/a><\/div><\/div><img decoding=\"async\" src=\"https:\/\/www.odeumvillas.gr\/wp-content\/uploads\/2025\/05\/odeum-villas-05.jpg\" width=\"1600\" height=\"1067\" alt loading=\"lazy\"><\/div><div class=\"w-slider-json\" onclick='return {&quot;autoScaleSlider&quot;:true,&quot;addActiveClass&quot;:true,&quot;loop&quot;:true,&quot;fadeInLoadedSlide&quot;:false,&quot;slidesSpacing&quot;:0,&quot;imageScalePadding&quot;:0,&quot;numImagesToPreload&quot;:2,&quot;arrowsNav&quot;:false,&quot;arrowsNavAutoHide&quot;:false,&quot;transitionType&quot;:&quot;fade&quot;,&quot;transitionSpeed&quot;:1000,&quot;block&quot;:{&quot;moveEffect&quot;:&quot;none&quot;,&quot;speed&quot;:300},&quot;thumbs&quot;:{&quot;fitInViewport&quot;:false,&quot;firstMargin&quot;:false,&quot;spacing&quot;:4},&quot;controlNavigation&quot;:&quot;none&quot;,&quot;autoplay&quot;:{&quot;enabled&quot;:true,&quot;pauseOnHover&quot;:false,&quot;delay&quot;:3000},&quot;autoScaleSliderWidth&quot;:1600,&quot;autoScaleSliderHeight&quot;:1067}'><\/div><\/div><\/div><div class=\"l-section-overlay\" style=\"background:rgba(0,0,0,0.25)\"><\/div><div class=\"l-section-h i-cf\"><div class=\"g-cols vc_row via_grid cols_1 laptops-cols_inherit tablets-cols_inherit mobiles-cols_1 valign_top type_default stacking_default\"><div class=\"wpb_column vc_column_container\"><div class=\"vc_column-inner\"><\/div><\/div><\/div><\/div><\/section><section class=\"l-section wpb_row hide_on_default hide_on_laptops height_auto width_full\"><div class=\"l-section-h i-cf\"><div class=\"g-cols vc_row via_grid cols_1 laptops-cols_inherit tablets-cols_inherit mobiles-cols_1 valign_top type_default stacking_default\"><div class=\"wpb_column vc_column_container\"><div class=\"vc_column-inner\"><div class=\"w-slider style_none fit_cover nav_none count_5\"><div class=\"w-slider-h\"><div class=\"royalSlider\"><div class=\"rsContent\"><a class=\"rsImg\" data-rsw=\"1600\" data-rsh=\"1067\" href=\"https:\/\/www.odeumvillas.gr\/wp-content\/uploads\/2025\/05\/odeum-villas-05.jpg\"><span data-alt=\"\"><\/span><\/a><\/div><div class=\"rsContent\"><a class=\"rsImg\" data-rsw=\"1600\" data-rsh=\"1067\" href=\"https:\/\/www.odeumvillas.gr\/wp-content\/uploads\/2025\/05\/odeum-villa-02-17.jpg\"><span data-alt=\"\"><\/span><\/a><\/div><div class=\"rsContent\"><a class=\"rsImg\" data-rsw=\"1600\" data-rsh=\"1067\" href=\"https:\/\/www.odeumvillas.gr\/wp-content\/uploads\/2025\/05\/odeum-villa-02-60.jpg\"><span data-alt=\"\"><\/span><\/a><\/div><div class=\"rsContent\"><a class=\"rsImg\" data-rsw=\"1600\" data-rsh=\"1067\" href=\"https:\/\/www.odeumvillas.gr\/wp-content\/uploads\/2025\/05\/odeum-villa-01-29.jpg\"><span data-alt=\"\"><\/span><\/a><\/div><div class=\"rsContent\"><a class=\"rsImg\" data-rsw=\"1600\" data-rsh=\"1067\" href=\"https:\/\/www.odeumvillas.gr\/wp-content\/uploads\/2025\/05\/odeum-villa-02-55.jpg\"><span data-alt=\"\"><\/span><\/a><\/div><\/div><img decoding=\"async\" src=\"https:\/\/www.odeumvillas.gr\/wp-content\/uploads\/2025\/05\/odeum-villas-05.jpg\" width=\"1600\" height=\"1067\" alt loading=\"lazy\"><\/div><div class=\"w-slider-json\" onclick='return {&quot;autoScaleSlider&quot;:true,&quot;addActiveClass&quot;:true,&quot;loop&quot;:true,&quot;fadeInLoadedSlide&quot;:false,&quot;slidesSpacing&quot;:0,&quot;imageScalePadding&quot;:0,&quot;numImagesToPreload&quot;:2,&quot;arrowsNav&quot;:false,&quot;arrowsNavAutoHide&quot;:false,&quot;transitionType&quot;:&quot;fade&quot;,&quot;transitionSpeed&quot;:250,&quot;block&quot;:{&quot;moveEffect&quot;:&quot;none&quot;,&quot;speed&quot;:300},&quot;thumbs&quot;:{&quot;fitInViewport&quot;:false,&quot;firstMargin&quot;:false,&quot;spacing&quot;:4},&quot;controlNavigation&quot;:&quot;none&quot;,&quot;autoplay&quot;:{&quot;enabled&quot;:true,&quot;pauseOnHover&quot;:true,&quot;delay&quot;:3000},&quot;autoScaleSliderWidth&quot;:1600,&quot;autoScaleSliderHeight&quot;:1067}'><\/div><\/div><\/div><\/div><\/div><\/div><\/section><section class=\"l-section wpb_row height_auto\"><div class=\"l-section-h i-cf\"><div class=\"g-cols vc_row via_grid cols_1 laptops-cols_inherit tablets-cols_inherit mobiles-cols_1 valign_top type_default stacking_default\"><div class=\"wpb_column vc_column_container\"><div class=\"vc_column-inner\"><div class=\"w-separator size_medium\"><\/div>[vc_custom_heading text=&#8221;VILELE NOASTRE&#8221; use_theme_fonts=&#8221;yes&#8221; css=&#8221;%7B%22default%22%3A%7B%22text-align%22%3A%22center%22%2C%22animation-name%22%3A%22aft%22%2C%22animation-delay%22%3A%22250ms%22%7D%7D&#8221;]<div class=\"w-separator size_medium\"><\/div><div class=\"wpb_text_column us_custom_2638f13d us_animate_this\"><div class=\"wpb_wrapper\"><p>Odeum Luxury Living ofer\u0103 dou\u0103 vile luxoase, complet echipate, fiecare proiectat\u0103 pentru confort \u0219i elegan\u021b\u0103. Ambele vile dispun de spa\u021bii generoase, cu mai multe dormitoare, interioare stilate \u0219i zone exterioare private. Sunt dotate cu facilit\u0103\u021bi moderne, inclusiv aer condi\u021bionat, mobilier contemporan \u0219i balcoane private. Cu un cadru lini\u0219tit \u0219i tot confortul necesar, aceste vile reprezint\u0103 refugiul perfect pentru familii sau grupuri care caut\u0103 o escapad\u0103 relaxant\u0103 \u00een Thassos.<\/p>\n<\/div><\/div><\/div><\/div><\/div><\/div><\/section><section class=\"l-section wpb_row us_custom_51af7ad9 hide_on_tablets hide_on_mobiles height_large\"><div class=\"l-section-h i-cf\"><div class=\"g-cols vc_row via_grid cols_2-3 laptops-cols_inherit tablets-cols_inherit mobiles-cols_1 valign_middle type_default reversed stacking_default\" style=\"--columns-gap:0rem;\"><div class=\"wpb_column vc_column_container us_custom_7dcca23e us_animate_this\"><div class=\"vc_column-inner\"><div class=\"w-image dnthover hide_on_mobiles has_ratio align_none\"><a href=\"https:\/\/www.odeumvillas.gr\/ro\/accommodation\/villa-01\/\" aria-label=\"Villa 01 - Odeum Luxury Living - Thassos\" class=\"w-image-h\"><div style=\"padding-bottom:100%\"><\/div><img decoding=\"async\" width=\"1600\" height=\"1067\" src=\"https:\/\/www.odeumvillas.gr\/wp-content\/uploads\/2025\/05\/odeum-villa-01-04.jpg\" class=\"attachment-full size-full\" alt=\"\" loading=\"lazy\" \/><\/a><\/div><\/div><\/div><div class=\"wpb_column vc_column_container us_custom_f86ff3a4 us_animate_this has_bg_color\"><div class=\"vc_column-inner\">[vc_custom_heading text=&#8221;Villa 01&#8243; use_theme_fonts=&#8221;yes&#8221; css=&#8221;%7B%22default%22%3A%7B%22text-align%22%3A%22inherit%22%7D%2C%22laptops%22%3A%7B%22text-align%22%3A%22inherit%22%7D%2C%22tablets%22%3A%7B%22text-align%22%3A%22inherit%22%7D%2C%22mobiles%22%3A%7B%22text-align%22%3A%22center%22%7D%7D&#8221;]<div class=\"w-image hide_on_default hide_on_laptops hide_on_tablets has_ratio align_none\"><a href=\"https:\/\/www.odeumvillas.gr\/ro\/accommodation\/villa-01\/\" aria-label=\"Villa 01 - Odeum Luxury Living - Thassos\" class=\"w-image-h\"><div style=\"padding-bottom:56.25%\"><\/div><img decoding=\"async\" width=\"1600\" height=\"1067\" src=\"https:\/\/www.odeumvillas.gr\/wp-content\/uploads\/2025\/05\/odeum-villa-01-04.jpg\" class=\"attachment-full size-full\" alt=\"\" loading=\"lazy\" \/><\/a><\/div><div class=\"w-separator size_small\"><\/div><div class=\"wpb_text_column\"><div class=\"wpb_wrapper\"><p>Villa 01 este o mazonet\u0103 modern\u0103 \u0219i spa\u021bioas\u0103, perfect\u0103 pentru familii \u0219i grupuri, deoarece poate g\u0103zdui p\u00e2n\u0103 la 8 persoane. Dispune de patru dormitoare confortabile, dou\u0103 b\u0103i, un living stilat \u0219i o buc\u0103t\u0103rie complet echipat\u0103 cu zon\u0103 de luat masa. Balcoanele private ale vilei ofer\u0103 spa\u021biul ideal pentru relaxare.<\/p>\n<\/div><\/div><div class=\"w-separator size_small\"><\/div><div class=\"w-btn-wrapper align_right\"><a class=\"w-btn us-btn-style_1 icon_atright\" href=\"https:\/\/www.odeumvillas.gr\/ro\/accommodation\/villa-01\/\"><span class=\"w-btn-label\">DESCOPER\u0102 MAI MULTE<\/span><i class=\"fal fa-chevron-double-right\"><\/i><\/a><\/div><\/div><\/div><\/div><\/div><\/section><section class=\"l-section wpb_row us_custom_ea3f1b9b hide_on_default hide_on_laptops height_large\"><div class=\"l-section-h i-cf\"><div class=\"g-cols vc_row via_grid cols_1 laptops-cols_inherit tablets-cols_inherit mobiles-cols_1 valign_top type_default stacking_default\"><div class=\"wpb_column vc_column_container\"><div class=\"vc_column-inner\"><div class=\"w-image has_ratio align_none\"><a href=\"https:\/\/www.odeumvillas.gr\/ro\/accommodation\/villa-01\/\" aria-label=\"Villa 01 - Odeum Luxury Living - Thassos\" class=\"w-image-h\"><div style=\"padding-bottom:56.25%\"><\/div><img decoding=\"async\" width=\"1600\" height=\"1067\" src=\"https:\/\/www.odeumvillas.gr\/wp-content\/uploads\/2025\/05\/odeum-villa-01-04.jpg\" class=\"attachment-full size-full\" alt=\"\" loading=\"lazy\" \/><\/a><\/div>[vc_custom_heading text=&#8221;Villa 01&#8243; use_theme_fonts=&#8221;yes&#8221; css=&#8221;%7B%22default%22%3A%7B%22text-align%22%3A%22center%22%2C%22text-transform%22%3A%22uppercase%22%7D%7D&#8221;]<div class=\"w-separator size_small\"><\/div><div class=\"wpb_text_column us_custom_eb849559\"><div class=\"wpb_wrapper\"><p>Villa 01 este o mazonet\u0103 modern\u0103 \u0219i spa\u021bioas\u0103, perfect\u0103 pentru familii \u0219i grupuri, deoarece poate g\u0103zdui p\u00e2n\u0103 la 8 persoane. Dispune de patru dormitoare confortabile, dou\u0103 b\u0103i, un living stilat \u0219i o buc\u0103t\u0103rie complet echipat\u0103 cu zon\u0103 de luat masa. Balcoanele private ale vilei ofer\u0103 spa\u021biul ideal pentru relaxare.<\/p>\n<\/div><\/div><div class=\"w-separator size_medium\"><\/div><div class=\"w-btn-wrapper align_center\"><a class=\"w-btn us-btn-style_1 icon_atright\" href=\"https:\/\/www.odeumvillas.gr\/ro\/accommodation\/villa-01\/\"><span class=\"w-btn-label\">DESCOPER\u0102 MAI MULTE<\/span><i class=\"fal fa-chevron-double-right\"><\/i><\/a><\/div><\/div><\/div><\/div><\/div><\/section><section class=\"l-section wpb_row us_custom_5905de8f hide_on_tablets hide_on_mobiles height_large\"><div class=\"l-section-h i-cf\"><div class=\"g-cols vc_row via_grid cols_2-3 laptops-cols_inherit tablets-cols_inherit mobiles-cols_1 valign_middle type_default reversed stacking_default\" style=\"--columns-gap:0rem;\"><div class=\"wpb_column vc_column_container us_custom_7dcca23e us_animate_this\"><div class=\"vc_column-inner\"><div class=\"w-image dnthover hide_on_mobiles has_ratio align_none\"><a href=\"https:\/\/www.odeumvillas.gr\/ro\/accommodation\/villa-02\/\" aria-label=\"Villa 02 - Odeum Luxury Living - Thassos\" class=\"w-image-h\"><div style=\"padding-bottom:100%\"><\/div><img decoding=\"async\" width=\"1600\" height=\"1067\" src=\"https:\/\/www.odeumvillas.gr\/wp-content\/uploads\/2025\/05\/odeum-villa-02-03.jpg\" class=\"attachment-full size-full\" alt=\"\" loading=\"lazy\" \/><\/a><\/div><\/div><\/div><div class=\"wpb_column vc_column_container us_custom_f86ff3a4 us_animate_this has_bg_color\"><div class=\"vc_column-inner\">[vc_custom_heading text=&#8221;Villa 02&#8243; use_theme_fonts=&#8221;yes&#8221; css=&#8221;%7B%22default%22%3A%7B%22text-align%22%3A%22inherit%22%7D%2C%22laptops%22%3A%7B%22text-align%22%3A%22inherit%22%7D%2C%22tablets%22%3A%7B%22text-align%22%3A%22inherit%22%7D%2C%22mobiles%22%3A%7B%22text-align%22%3A%22center%22%7D%7D&#8221;]<div class=\"w-image hide_on_default hide_on_laptops hide_on_tablets has_ratio align_none\"><a href=\"https:\/\/www.odeumvillas.gr\/ro\/accommodation\/villa-02\/\" aria-label=\"Villa 02 - Odeum Luxury Living - Thassos\" class=\"w-image-h\"><div style=\"padding-bottom:56.25%\"><\/div><img decoding=\"async\" width=\"1600\" height=\"1067\" src=\"https:\/\/www.odeumvillas.gr\/wp-content\/uploads\/2025\/05\/odeum-villa-02-03.jpg\" class=\"attachment-full size-full\" alt=\"\" loading=\"lazy\" \/><\/a><\/div><div class=\"w-separator size_small\"><\/div><div class=\"wpb_text_column\"><div class=\"wpb_wrapper\"><p>Villa 2 este o mazonet\u0103 frumos conceput\u0103, care ofer\u0103 un amestec perfect de confort \u0219i estetic\u0103 modern\u0103. Cu patru dormitoare bine dotate, dou\u0103 b\u0103i, un living luminos \u0219i o buc\u0103t\u0103rie complet echipat\u0103 cu zon\u0103 de luat masa, este ideal\u0103 pentru familii, prieteni \u0219i cupluri. Balcoanele private ofer\u0103 un refugiu lini\u0219tit.<\/p>\n<\/div><\/div><div class=\"w-separator size_small\"><\/div><div class=\"w-btn-wrapper align_right\"><a class=\"w-btn us-btn-style_1 icon_atright\" href=\"https:\/\/www.odeumvillas.gr\/ro\/accommodation\/villa-02\/\"><span class=\"w-btn-label\">DESCOPER\u0102 MAI MULTE<\/span><i class=\"fal fa-chevron-double-right\"><\/i><\/a><\/div><\/div><\/div><\/div><\/div><\/section><section class=\"l-section wpb_row us_custom_ea3f1b9b hide_on_default hide_on_laptops height_large\"><div class=\"l-section-h i-cf\"><div class=\"g-cols vc_row via_grid cols_1 laptops-cols_inherit tablets-cols_inherit mobiles-cols_1 valign_top type_default stacking_default\"><div class=\"wpb_column vc_column_container\"><div class=\"vc_column-inner\"><div class=\"w-image has_ratio align_none\"><a href=\"https:\/\/www.odeumvillas.gr\/ro\/accommodation\/villa-02\/\" aria-label=\"Villa 02 - Odeum Luxury Living - Thassos\" class=\"w-image-h\"><div style=\"padding-bottom:56.25%\"><\/div><img decoding=\"async\" width=\"1600\" height=\"1067\" src=\"https:\/\/www.odeumvillas.gr\/wp-content\/uploads\/2025\/05\/odeum-villa-02-03.jpg\" class=\"attachment-full size-full\" alt=\"\" loading=\"lazy\" \/><\/a><\/div>[vc_custom_heading text=&#8221;Villa 02&#8243; use_theme_fonts=&#8221;yes&#8221; css=&#8221;%7B%22default%22%3A%7B%22text-align%22%3A%22center%22%2C%22text-transform%22%3A%22uppercase%22%7D%7D&#8221;]<div class=\"w-separator size_small\"><\/div><div class=\"wpb_text_column us_custom_eb849559\"><div class=\"wpb_wrapper\"><p>Villa 2 este o mazonet\u0103 frumos conceput\u0103, care ofer\u0103 un amestec perfect de confort \u0219i estetic\u0103 modern\u0103. Cu patru dormitoare bine dotate, dou\u0103 b\u0103i, un living luminos \u0219i o buc\u0103t\u0103rie complet echipat\u0103 cu zon\u0103 de luat masa, este ideal\u0103 pentru familii, prieteni \u0219i cupluri. Balcoanele private ofer\u0103 un refugiu lini\u0219tit.<\/p>\n<\/div><\/div><div class=\"w-separator size_medium\"><\/div><div class=\"w-btn-wrapper align_center\"><a class=\"w-btn us-btn-style_1 icon_atright\" href=\"https:\/\/www.odeumvillas.gr\/ro\/accommodation\/villa-02\/\"><span class=\"w-btn-label\">DESCOPER\u0102 MAI MULTE<\/span><i class=\"fal fa-chevron-double-right\"><\/i><\/a><\/div><\/div><\/div><\/div><\/div><\/section>\n","protected":false},"excerpt":{"rendered":"[vc_custom_heading text=\"VILELE NOASTRE\" use_theme_fonts=\"yes\" css=\"%7B%22default%22%3A%7B%22text-align%22%3A%22center%22%2C%22animation-name%22%3A%22aft%22%2C%22animation-delay%22%3A%22250ms%22%7D%7D\"]Odeum Luxury Living ofer\u0103 dou\u0103 vile luxoase, complet echipate, fiecare proiectat\u0103 pentru confort \u0219i elegan\u021b\u0103. Ambele vile dispun de spa\u021bii generoase, cu mai multe dormitoare, interioare stilate \u0219i zone exterioare private. Sunt dotate cu facilit\u0103\u021bi moderne, inclusiv aer condi\u021bionat, mobilier contemporan \u0219i balcoane private. Cu un cadru lini\u0219tit \u0219i tot confortul...","protected":false},"author":1,"featured_media":923,"parent":0,"menu_order":0,"comment_status":"closed","ping_status":"closed","template":"","meta":{"footnotes":""},"class_list":["post-1038","page","type-page","status-publish","has-post-thumbnail","hentry"],"_links":{"self":[{"href":"https:\/\/www.odeumvillas.gr\/ro\/wp-json\/wp\/v2\/pages\/1038","targetHints":{"allow":["GET"]}}],"collection":[{"href":"https:\/\/www.odeumvillas.gr\/ro\/wp-json\/wp\/v2\/pages"}],"about":[{"href":"https:\/\/www.odeumvillas.gr\/ro\/wp-json\/wp\/v2\/types\/page"}],"author":[{"embeddable":true,"href":"https:\/\/www.odeumvillas.gr\/ro\/wp-json\/wp\/v2\/users\/1"}],"replies":[{"embeddable":true,"href":"https:\/\/www.odeumvillas.gr\/ro\/wp-json\/wp\/v2\/comments?post=1038"}],"version-history":[{"count":4,"href":"https:\/\/www.odeumvillas.gr\/ro\/wp-json\/wp\/v2\/pages\/1038\/revisions"}],"predecessor-version":[{"id":1062,"href":"https:\/\/www.odeumvillas.gr\/ro\/wp-json\/wp\/v2\/pages\/1038\/revisions\/1062"}],"wp:featuredmedia":[{"embeddable":true,"href":"https:\/\/www.odeumvillas.gr\/ro\/wp-json\/wp\/v2\/media\/923"}],"wp:attachment":[{"href":"https:\/\/www.odeumvillas.gr\/ro\/wp-json\/wp\/v2\/media?parent=1038"}],"curies":[{"name":"wp","href":"https:\/\/api.w.org\/{rel}","templated":true}]}}