{"id":1050,"date":"2025-02-06T09:48:54","date_gmt":"2025-02-06T07:48:54","guid":{"rendered":"https:\/\/www.odeumvillas.gr\/reservation\/"},"modified":"2025-11-25T20:40:30","modified_gmt":"2025-11-25T18:40:30","slug":"reservation","status":"publish","type":"page","link":"https:\/\/www.odeumvillas.gr\/ro\/reservation\/","title":{"rendered":"Reservation"},"content":{"rendered":"<section class=\"l-section wpb_row us_custom_70b40c4d hide_on_tablets hide_on_mobiles height_auto with_slider\"><div class=\"l-section-slider\"><div class=\"w-slider style_none fit_cover nav_none count_4\"><div class=\"w-slider-h\"><div class=\"royalSlider\"><div class=\"rsContent\"><a class=\"rsImg\" data-rsw=\"1600\" data-rsh=\"1067\" href=\"https:\/\/www.odeumvillas.gr\/wp-content\/uploads\/2025\/05\/odeum-villa-01-02.jpg\"><span data-alt=\"\"><\/span><\/a><\/div><div class=\"rsContent\"><a class=\"rsImg\" data-rsw=\"1600\" data-rsh=\"1067\" href=\"https:\/\/www.odeumvillas.gr\/wp-content\/uploads\/2025\/05\/odeum-villas-07.jpg\"><span data-alt=\"\"><\/span><\/a><\/div><div class=\"rsContent\"><a class=\"rsImg\" data-rsw=\"1600\" data-rsh=\"1067\" href=\"https:\/\/www.odeumvillas.gr\/wp-content\/uploads\/2025\/05\/odeum-villas-05.jpg\"><span data-alt=\"\"><\/span><\/a><\/div><div class=\"rsContent\"><a class=\"rsImg\" data-rsw=\"1600\" data-rsh=\"1067\" href=\"https:\/\/www.odeumvillas.gr\/wp-content\/uploads\/2025\/05\/odeum-villas-02.jpg\"><span data-alt=\"\"><\/span><\/a><\/div><\/div><img decoding=\"async\" src=\"https:\/\/www.odeumvillas.gr\/wp-content\/uploads\/2025\/05\/odeum-villa-01-02.jpg\" width=\"1600\" height=\"1067\" alt loading=\"lazy\"><\/div><div class=\"w-slider-json\" onclick='return {&quot;autoScaleSlider&quot;:true,&quot;addActiveClass&quot;:true,&quot;loop&quot;:true,&quot;fadeInLoadedSlide&quot;:false,&quot;slidesSpacing&quot;:0,&quot;imageScalePadding&quot;:0,&quot;numImagesToPreload&quot;:2,&quot;arrowsNav&quot;:false,&quot;arrowsNavAutoHide&quot;:false,&quot;transitionType&quot;:&quot;fade&quot;,&quot;transitionSpeed&quot;:1000,&quot;block&quot;:{&quot;moveEffect&quot;:&quot;none&quot;,&quot;speed&quot;:300},&quot;thumbs&quot;:{&quot;fitInViewport&quot;:false,&quot;firstMargin&quot;:false,&quot;spacing&quot;:4},&quot;controlNavigation&quot;:&quot;none&quot;,&quot;autoplay&quot;:{&quot;enabled&quot;:true,&quot;pauseOnHover&quot;:false,&quot;delay&quot;:3000},&quot;autoScaleSliderWidth&quot;:1600,&quot;autoScaleSliderHeight&quot;:1067}'><\/div><\/div><\/div><div class=\"l-section-overlay\" style=\"background:rgba(0,0,0,0.25)\"><\/div><div class=\"l-section-h i-cf\"><div class=\"g-cols vc_row via_grid cols_1 laptops-cols_inherit tablets-cols_inherit mobiles-cols_1 valign_top type_default stacking_default\"><div class=\"wpb_column vc_column_container\"><div class=\"vc_column-inner\"><\/div><\/div><\/div><\/div><\/section><section class=\"l-section wpb_row hide_on_default hide_on_laptops height_auto width_full\"><div class=\"l-section-h i-cf\"><div class=\"g-cols vc_row via_grid cols_1 laptops-cols_inherit tablets-cols_inherit mobiles-cols_1 valign_top type_default stacking_default\"><div class=\"wpb_column vc_column_container\"><div class=\"vc_column-inner\"><div class=\"w-slider style_none fit_cover nav_none count_4\"><div class=\"w-slider-h\"><div class=\"royalSlider\"><div class=\"rsContent\"><a class=\"rsImg\" data-rsw=\"1600\" data-rsh=\"1067\" href=\"https:\/\/www.odeumvillas.gr\/wp-content\/uploads\/2025\/05\/odeum-villa-01-02.jpg\"><span data-alt=\"\"><\/span><\/a><\/div><div class=\"rsContent\"><a class=\"rsImg\" data-rsw=\"1600\" data-rsh=\"1067\" href=\"https:\/\/www.odeumvillas.gr\/wp-content\/uploads\/2025\/05\/odeum-villas-07.jpg\"><span data-alt=\"\"><\/span><\/a><\/div><div class=\"rsContent\"><a class=\"rsImg\" data-rsw=\"1600\" data-rsh=\"1067\" href=\"https:\/\/www.odeumvillas.gr\/wp-content\/uploads\/2025\/05\/odeum-villas-05.jpg\"><span data-alt=\"\"><\/span><\/a><\/div><div class=\"rsContent\"><a class=\"rsImg\" data-rsw=\"1600\" data-rsh=\"1067\" href=\"https:\/\/www.odeumvillas.gr\/wp-content\/uploads\/2025\/05\/odeum-villas-02.jpg\"><span data-alt=\"\"><\/span><\/a><\/div><\/div><img decoding=\"async\" src=\"https:\/\/www.odeumvillas.gr\/wp-content\/uploads\/2025\/05\/odeum-villa-01-02.jpg\" width=\"1600\" height=\"1067\" alt loading=\"lazy\"><\/div><div class=\"w-slider-json\" onclick='return {&quot;autoScaleSlider&quot;:true,&quot;addActiveClass&quot;:true,&quot;loop&quot;:true,&quot;fadeInLoadedSlide&quot;:false,&quot;slidesSpacing&quot;:0,&quot;imageScalePadding&quot;:0,&quot;numImagesToPreload&quot;:2,&quot;arrowsNav&quot;:false,&quot;arrowsNavAutoHide&quot;:false,&quot;transitionType&quot;:&quot;fade&quot;,&quot;transitionSpeed&quot;:250,&quot;block&quot;:{&quot;moveEffect&quot;:&quot;none&quot;,&quot;speed&quot;:300},&quot;thumbs&quot;:{&quot;fitInViewport&quot;:false,&quot;firstMargin&quot;:false,&quot;spacing&quot;:4},&quot;controlNavigation&quot;:&quot;none&quot;,&quot;autoplay&quot;:{&quot;enabled&quot;:true,&quot;pauseOnHover&quot;:true,&quot;delay&quot;:3000},&quot;autoScaleSliderWidth&quot;:1600,&quot;autoScaleSliderHeight&quot;:1067}'><\/div><\/div><\/div><\/div><\/div><\/div><\/section><section class=\"l-section wpb_row height_large\"><div class=\"l-section-h i-cf\"><div class=\"g-cols vc_row via_grid cols_2 laptops-cols_inherit tablets-cols_inherit mobiles-cols_1 valign_top type_default stacking_default\"><div class=\"wpb_column vc_column_container us_custom_8f7b07a9 us_animate_this\"><div class=\"vc_column-inner\">[vc_custom_heading text=&#8221;Cerere de rezervare cu vizualizare&#8221; font_container=&#8221;tag:h1|text_align:left&#8221; use_theme_fonts=&#8221;yes&#8221;]<div class=\"w-separator size_small\"><\/div><div class=\"wpb_text_column us_custom_175b29d5\"><div class=\"wpb_wrapper\"><div class=\"wpb_text_column us_custom_175b29d5\">\n<div class=\"wpb_wrapper\">\n<p>* v\u0103 rug\u0103m s\u0103 completa\u021bi formularul de mai jos \u0219i v\u0103 vom r\u0103spunde cu cea mai bun\u0103 ofert\u0103!<\/p>\n<\/div>\n<\/div>\n<\/div><\/div><div class=\"w-separator size_medium\"><\/div>\n<div class=\"wpcf7 no-js\" id=\"wpcf7-f1070-o1\" lang=\"en-US\" dir=\"ltr\" data-wpcf7-id=\"1070\">\n<div class=\"screen-reader-response\"><p role=\"status\" aria-live=\"polite\" aria-atomic=\"true\"><\/p> <ul><\/ul><\/div>\n<form action=\"\/ro\/wp-json\/wp\/v2\/pages\/1050#wpcf7-f1070-o1\" method=\"post\" class=\"wpcf7-form init\" aria-label=\"Contact form\" novalidate=\"novalidate\" data-status=\"init\">\n<div style=\"display: none;\">\n<input type=\"hidden\" name=\"_wpcf7\" value=\"1070\" \/>\n<input type=\"hidden\" name=\"_wpcf7_version\" value=\"6.0.6\" \/>\n<input type=\"hidden\" name=\"_wpcf7_locale\" value=\"en_US\" \/>\n<input type=\"hidden\" name=\"_wpcf7_unit_tag\" value=\"wpcf7-f1070-o1\" \/>\n<input type=\"hidden\" name=\"_wpcf7_container_post\" value=\"0\" \/>\n<input type=\"hidden\" name=\"_wpcf7_posted_data_hash\" value=\"\" \/>\n<\/div>\n<p><label> NUME<br \/>\n<span class=\"wpcf7-form-control-wrap\" data-name=\"your-name\"><input size=\"40\" maxlength=\"400\" class=\"wpcf7-form-control wpcf7-text wpcf7-validates-as-required\" autocomplete=\"name\" aria-required=\"true\" aria-invalid=\"false\" value=\"\" type=\"text\" name=\"your-name\" \/><\/span> <\/label>\n<\/p>\n<p><label> EMAIL<br \/>\n<span class=\"wpcf7-form-control-wrap\" data-name=\"your-email\"><input size=\"40\" maxlength=\"400\" class=\"wpcf7-form-control wpcf7-email wpcf7-validates-as-required wpcf7-text wpcf7-validates-as-email\" autocomplete=\"email\" aria-required=\"true\" aria-invalid=\"false\" value=\"\" type=\"email\" name=\"your-email\" \/><\/span> <\/label>\n<\/p>\n<p><label> TELEFON<br \/>\n<span class=\"wpcf7-form-control-wrap\" data-name=\"telephone\"><input size=\"40\" maxlength=\"400\" class=\"wpcf7-form-control wpcf7-tel wpcf7-validates-as-required wpcf7-text wpcf7-validates-as-tel\" aria-required=\"true\" aria-invalid=\"false\" value=\"\" type=\"tel\" name=\"telephone\" \/><\/span> <\/label>\n<\/p>\n<p><label> CHECK IN<br \/>\n<span class=\"wpcf7-form-control-wrap\" data-name=\"check-in\"><input class=\"wpcf7-form-control wpcf7-date wpcf7-validates-as-required wpcf7-validates-as-date\" min=\"2026-04-15\" aria-required=\"true\" aria-invalid=\"false\" value=\"\" type=\"date\" name=\"check-in\" \/><\/span> <\/label>\n<\/p>\n<p><label> CHECK OUT<br \/>\n<span class=\"wpcf7-form-control-wrap\" data-name=\"check-out\"><input class=\"wpcf7-form-control wpcf7-date wpcf7-validates-as-required wpcf7-validates-as-date\" min=\"2026-04-15\" aria-required=\"true\" aria-invalid=\"false\" value=\"\" type=\"date\" name=\"check-out\" \/><\/span> <\/label>\n<\/p>\n<p><label> ADULTI<br \/>\n<span class=\"wpcf7-form-control-wrap\" data-name=\"adults\"><input class=\"wpcf7-form-control wpcf7-number wpcf7-validates-as-required wpcf7-validates-as-number\" min=\"1\" max=\"20\" aria-required=\"true\" aria-invalid=\"false\" value=\"\" type=\"number\" name=\"adults\" \/><\/span> <\/label>\n<\/p>\n<p><label> COPII<br \/>\n<span class=\"wpcf7-form-control-wrap\" data-name=\"children\"><input class=\"wpcf7-form-control wpcf7-number wpcf7-validates-as-required wpcf7-validates-as-number\" min=\"0\" max=\"20\" aria-required=\"true\" aria-invalid=\"false\" value=\"\" type=\"number\" name=\"children\" \/><\/span> <\/label>\n<\/p>\n<p><span class=\"wpcf7-form-control-wrap\" data-name=\"quiz-687\"><label><span class=\"wpcf7-quiz-label\">2+5=?<\/span> <input size=\"40\" class=\"wpcf7-form-control wpcf7-quiz\" autocomplete=\"off\" aria-required=\"true\" aria-invalid=\"false\" type=\"text\" name=\"quiz-687\" \/><\/label><input type=\"hidden\" name=\"_wpcf7_quiz_answer_quiz-687\" value=\"ad1065107ced3bcdcda846ebbcb55a4d\" \/><\/span>\n<\/p>\n<p><span class=\"wpcf7-form-control-wrap\" data-name=\"gdpr-acceptance\"><span class=\"wpcf7-form-control wpcf7-acceptance\"><span class=\"wpcf7-list-item\"><label><input type=\"checkbox\" name=\"gdpr-acceptance\" value=\"1\" aria-invalid=\"false\" \/><span class=\"wpcf7-list-item-label\">Sunt de acord ca datele mele trimise s\u0103 fie prelucrate de c\u0103tre site, astfel \u00eenc\u00e2t managerul s\u0103 poat\u0103 r\u0103spunde solicit\u0103rii mele.<\/span><\/label><\/span><\/span><\/span>\n<\/p>\n<p><input class=\"wpcf7-form-control wpcf7-submit has-spinner\" type=\"submit\" value=\"TRIMITE\" \/>\n<\/p><div class=\"wpcf7-response-output\" aria-hidden=\"true\"><\/div>\n<\/form>\n<\/div>\n<\/div><\/div><div class=\"wpb_column vc_column_container us_custom_8b882d9e us_animate_this\"><div class=\"vc_column-inner\">[vc_custom_heading text=&#8221;INFORMA\u021aII DE CONTACT&#8221; font_container=&#8221;tag:h4|text_align:left&#8221; use_theme_fonts=&#8221;yes&#8221; css=&#8221;%7B%22default%22%3A%7B%22text-align%22%3A%22center%22%7D%7D&#8221;]<div class=\"wpb_text_column us_custom_c0be86b6\"><div class=\"wpb_wrapper\"><p>TEL: <a class=\"w-text-h\" href=\"tel:+306974344771\">+30 697 4344 771<\/a><\/p>\n<p>EMAIL: <a href=\"mailto:info@odeumvillas.gr\">info@odeumvillas.gr<\/a><\/p>\n<\/div><\/div><div class=\"w-separator size_small\"><\/div>[vc_custom_heading text=&#8221;CHECK IN&#8221; font_container=&#8221;tag:h4|text_align:left&#8221; use_theme_fonts=&#8221;yes&#8221; css=&#8221;%7B%22default%22%3A%7B%22text-align%22%3A%22center%22%7D%7D&#8221;]<div class=\"wpb_text_column us_custom_c0be86b6\"><div class=\"wpb_wrapper\"><div class=\"wpb_text_column us_custom_175b29d5\">\n<div class=\"wpb_wrapper\">\n<p>de la 16:00 la 22:00<\/p>\n<\/div>\n<\/div>\n<\/div><\/div><div class=\"w-separator size_small\"><\/div>[vc_custom_heading text=&#8221;CHECK OUT&#8221; font_container=&#8221;tag:h4|text_align:left&#8221; use_theme_fonts=&#8221;yes&#8221; css=&#8221;%7B%22default%22%3A%7B%22text-align%22%3A%22center%22%7D%7D&#8221;]<div class=\"wpb_text_column us_custom_c0be86b6\"><div class=\"wpb_wrapper\"><div class=\"wpb_text_column us_custom_175b29d5\">\n<div class=\"wpb_wrapper\">\n<p>p\u00e2n\u0103 la ora 10:00<\/p>\n<\/div>\n<\/div>\n<\/div><\/div><div class=\"w-separator size_small\"><\/div>[vc_custom_heading text=&#8221;PLAT\u0102&#8221; font_container=&#8221;tag:h4|text_align:left&#8221; use_theme_fonts=&#8221;yes&#8221; css=&#8221;%7B%22default%22%3A%7B%22text-align%22%3A%22center%22%7D%7D&#8221;]<div class=\"wpb_text_column us_custom_c0be86b6\"><div class=\"wpb_wrapper\"><p>To proceed with the reservation deposit will be needed and will not be refunded in case of cancellation.<\/p>\n<p>The rest of the payment is required upon arrival.<\/p>\n<\/div><\/div><div class=\"w-separator size_small\"><\/div>[vc_custom_heading text=&#8221;GENERAL&#8221; font_container=&#8221;tag:h4|text_align:left&#8221; use_theme_fonts=&#8221;yes&#8221; css=&#8221;%7B%22default%22%3A%7B%22text-align%22%3A%22center%22%7D%7D&#8221;]<div class=\"wpb_text_column us_custom_c0be86b6\"><div class=\"wpb_wrapper\"><p>Animalele de companie nu sunt permise.<\/p>\n<\/div><\/div><div class=\"wpb_text_column us_custom_c0be86b6\"><div class=\"wpb_wrapper\"><p>Fumatul este interzis.<\/p>\n<\/div><\/div><div class=\"wpb_text_column us_custom_c0be86b6\"><div class=\"wpb_wrapper\"><p>Nu sunt permise petreceri.<\/p>\n<\/div><\/div><div class=\"wpb_text_column us_custom_c0be86b6\"><div class=\"wpb_wrapper\"><p>Nu este permis gratarul.<\/p>\n<\/div><\/div><div class=\"w-separator size_small\"><\/div><\/div><\/div><\/div><\/div><\/section>\n","protected":false},"excerpt":{"rendered":"[vc_custom_heading text=\"Cerere de rezervare cu vizualizare\" font_container=\"tag:h1|text_align:left\" use_theme_fonts=\"yes\"] * v\u0103 rug\u0103m s\u0103 completa\u021bi formularul de mai jos \u0219i v\u0103 vom r\u0103spunde cu cea mai bun\u0103 ofert\u0103! NUME EMAIL TELEFON CHECK IN CHECK OUT ADULTI COPII 2-2=? Sunt de acord ca datele mele trimise s\u0103 fie prelucrate de c\u0103tre site, astfel \u00eenc\u00e2t managerul s\u0103 poat\u0103 r\u0103spunde...","protected":false},"author":1,"featured_media":923,"parent":0,"menu_order":0,"comment_status":"closed","ping_status":"closed","template":"","meta":{"footnotes":""},"class_list":["post-1050","page","type-page","status-publish","has-post-thumbnail","hentry"],"_links":{"self":[{"href":"https:\/\/www.odeumvillas.gr\/ro\/wp-json\/wp\/v2\/pages\/1050","targetHints":{"allow":["GET"]}}],"collection":[{"href":"https:\/\/www.odeumvillas.gr\/ro\/wp-json\/wp\/v2\/pages"}],"about":[{"href":"https:\/\/www.odeumvillas.gr\/ro\/wp-json\/wp\/v2\/types\/page"}],"author":[{"embeddable":true,"href":"https:\/\/www.odeumvillas.gr\/ro\/wp-json\/wp\/v2\/users\/1"}],"replies":[{"embeddable":true,"href":"https:\/\/www.odeumvillas.gr\/ro\/wp-json\/wp\/v2\/comments?post=1050"}],"version-history":[{"count":6,"href":"https:\/\/www.odeumvillas.gr\/ro\/wp-json\/wp\/v2\/pages\/1050\/revisions"}],"predecessor-version":[{"id":1165,"href":"https:\/\/www.odeumvillas.gr\/ro\/wp-json\/wp\/v2\/pages\/1050\/revisions\/1165"}],"wp:featuredmedia":[{"embeddable":true,"href":"https:\/\/www.odeumvillas.gr\/ro\/wp-json\/wp\/v2\/media\/923"}],"wp:attachment":[{"href":"https:\/\/www.odeumvillas.gr\/ro\/wp-json\/wp\/v2\/media?parent=1050"}],"curies":[{"name":"wp","href":"https:\/\/api.w.org\/{rel}","templated":true}]}}